{"id":35,"date":"2021-11-12T20:58:22","date_gmt":"2021-11-12T20:58:22","guid":{"rendered":"https:\/\/uraniotv.pe\/?page_id=35"},"modified":"2025-12-30T20:51:25","modified_gmt":"2025-12-31T01:51:25","slug":"contacto","status":"publish","type":"page","link":"https:\/\/www.radiokutaqpampa.com\/?page_id=35","title":{"rendered":"CONTACTO"},"content":{"rendered":"\t\t<div data-elementor-type=\"wp-page\" data-elementor-id=\"35\" class=\"elementor elementor-35\">\n\t\t\t\t\t\t<section class=\"elementor-section elementor-top-section elementor-element elementor-element-12e9457f elementor-section-boxed elementor-section-height-default elementor-section-height-default\" data-id=\"12e9457f\" data-element_type=\"section\">\n\t\t\t\t\t\t<div class=\"elementor-container elementor-column-gap-default\">\n\t\t\t\t\t<div class=\"elementor-column elementor-col-100 elementor-top-column elementor-element elementor-element-12661c0a\" data-id=\"12661c0a\" data-element_type=\"column\" data-settings=\"{&quot;background_background&quot;:&quot;classic&quot;}\">\n\t\t\t<div class=\"elementor-widget-wrap elementor-element-populated\">\n\t\t\t\t\t\t<section class=\"elementor-section elementor-inner-section elementor-element elementor-element-d10b8b8 elementor-section-boxed elementor-section-height-default elementor-section-height-default\" data-id=\"d10b8b8\" data-element_type=\"section\" data-settings=\"{&quot;background_background&quot;:&quot;classic&quot;}\">\n\t\t\t\t\t\t<div class=\"elementor-container elementor-column-gap-default\">\n\t\t\t\t\t<div class=\"elementor-column elementor-col-100 elementor-inner-column elementor-element elementor-element-efafa18\" data-id=\"efafa18\" data-element_type=\"column\">\n\t\t\t<div class=\"elementor-widget-wrap elementor-element-populated\">\n\t\t\t\t\t\t<div class=\"elementor-element elementor-element-5688ca74 elementor-widget elementor-widget-heading\" data-id=\"5688ca74\" data-element_type=\"widget\" data-widget_type=\"heading.default\">\n\t\t\t\t<div class=\"elementor-widget-container\">\n\t\t\t\t\t<h2 class=\"elementor-heading-title elementor-size-default\">Contacto<\/h2>\t\t\t\t<\/div>\n\t\t\t\t<\/div>\n\t\t\t\t<div class=\"elementor-element elementor-element-1303838d elementor-widget elementor-widget-text-editor\" data-id=\"1303838d\" data-element_type=\"widget\" data-widget_type=\"text-editor.default\">\n\t\t\t\t<div class=\"elementor-widget-container\">\n\t\t\t\t\t\t\t\t\t<p>Puede contactarnos a trav\u00e9s de nuestros distintos canales de comunicaci\u00f3n.<\/p>\t\t\t\t\t\t\t\t<\/div>\n\t\t\t\t<\/div>\n\t\t\t\t\t<\/div>\n\t\t<\/div>\n\t\t\t\t\t<\/div>\n\t\t<\/section>\n\t\t\t\t<div class=\"elementor-element elementor-element-6514009 elementor-widget elementor-widget-image\" data-id=\"6514009\" data-element_type=\"widget\" data-widget_type=\"image.default\">\n\t\t\t\t<div class=\"elementor-widget-container\">\n\t\t\t\t\t\t\t\t\t\t\t\t\t\t\t<img fetchpriority=\"high\" decoding=\"async\" width=\"616\" height=\"503\" src=\"https:\/\/www.radiokutaqpampa.com\/wp-content\/uploads\/2025\/12\/image-4.png\" class=\"attachment-large size-large wp-image-1680\" alt=\"\" srcset=\"https:\/\/www.radiokutaqpampa.com\/wp-content\/uploads\/2025\/12\/image-4.png 616w, https:\/\/www.radiokutaqpampa.com\/wp-content\/uploads\/2025\/12\/image-4-300x245.png 300w\" sizes=\"(max-width: 616px) 100vw, 616px\" \/>\t\t\t\t\t\t\t\t\t\t\t\t\t\t\t<\/div>\n\t\t\t\t<\/div>\n\t\t\t\t<section class=\"elementor-section elementor-inner-section elementor-element elementor-element-645f3a98 elementor-section-boxed elementor-section-height-default elementor-section-height-default\" data-id=\"645f3a98\" data-element_type=\"section\" data-settings=\"{&quot;background_background&quot;:&quot;classic&quot;}\">\n\t\t\t\t\t\t<div class=\"elementor-container elementor-column-gap-default\">\n\t\t\t\t\t<div class=\"elementor-column elementor-col-50 elementor-inner-column elementor-element elementor-element-1a9b2daa\" data-id=\"1a9b2daa\" data-element_type=\"column\">\n\t\t\t<div class=\"elementor-widget-wrap elementor-element-populated\">\n\t\t\t\t\t\t<div class=\"elementor-element elementor-element-18909bdf elementor-widget elementor-widget-heading\" data-id=\"18909bdf\" data-element_type=\"widget\" data-widget_type=\"heading.default\">\n\t\t\t\t<div class=\"elementor-widget-container\">\n\t\t\t\t\t<h2 class=\"elementor-heading-title elementor-size-default\"><i class=\"fa fa-users\"><\/i> FORMULARIO<\/h2>\t\t\t\t<\/div>\n\t\t\t\t<\/div>\n\t\t\t\t<div class=\"elementor-element elementor-element-6e126c74 elementor-button-align-stretch elementor-widget elementor-widget-form\" data-id=\"6e126c74\" data-element_type=\"widget\" data-settings=\"{&quot;step_next_label&quot;:&quot;Next&quot;,&quot;step_previous_label&quot;:&quot;Previous&quot;,&quot;button_width&quot;:&quot;100&quot;,&quot;step_type&quot;:&quot;number_text&quot;,&quot;step_icon_shape&quot;:&quot;circle&quot;}\" data-widget_type=\"form.default\">\n\t\t\t\t<div class=\"elementor-widget-container\">\n\t\t\t\t\t\t\t<form class=\"elementor-form\" method=\"post\" name=\"CONTACTO\">\n\t\t\t<input type=\"hidden\" name=\"post_id\" value=\"35\"\/>\n\t\t\t<input type=\"hidden\" name=\"form_id\" value=\"6e126c74\"\/>\n\t\t\t<input type=\"hidden\" name=\"referer_title\" value=\"Radio Kutaq Pampa | FM 96.3 Mhz\" \/>\n\n\t\t\t\n\t\t\t<div class=\"elementor-form-fields-wrapper elementor-labels-above\">\n\t\t\t\t\t\t\t\t<div class=\"elementor-field-type-text elementor-field-group elementor-column elementor-field-group-name elementor-col-100 elementor-field-required elementor-mark-required\">\n\t\t\t\t\t\t\t\t\t\t\t\t\t<input size=\"1\" type=\"text\" name=\"form_fields[name]\" id=\"form-field-name\" class=\"elementor-field elementor-size-xs  elementor-field-textual\" placeholder=\"NOMBRE\" required=\"required\" aria-required=\"true\">\n\t\t\t\t\t\t\t\t\t\t\t<\/div>\n\t\t\t\t\t\t\t\t<div class=\"elementor-field-type-textarea elementor-field-group elementor-column elementor-field-group-message elementor-col-100 elementor-field-required elementor-mark-required\">\n\t\t\t\t\t<textarea class=\"elementor-field-textual elementor-field  elementor-size-xs\" name=\"form_fields[message]\" id=\"form-field-message\" rows=\"4\" placeholder=\"MENSAJE\" required=\"required\" aria-required=\"true\"><\/textarea>\t\t\t\t<\/div>\n\t\t\t\t\t\t\t\t<div class=\"elementor-field-group elementor-column elementor-field-type-submit elementor-col-100 e-form__buttons\">\n\t\t\t\t\t<button type=\"submit\" class=\"elementor-button elementor-size-sm\">\n\t\t\t\t\t\t<span >\n\t\t\t\t\t\t\t\t\t\t\t\t\t\t\t<span class=\"elementor-align-icon-left elementor-button-icon\">\n\t\t\t\t\t\t\t\t\t<i aria-hidden=\"true\" class=\"far fa-comments\"><\/i>\t\t\t\t\t\t\t\t\t\t\t\t\t\t\t\t\t<\/span>\n\t\t\t\t\t\t\t\t\t\t\t\t\t\t\t\t\t\t\t\t\t\t<span class=\"elementor-button-text\">ENVIAR<\/span>\n\t\t\t\t\t\t\t\t\t\t\t\t\t<\/span>\n\t\t\t\t\t<\/button>\n\t\t\t\t<\/div>\n\t\t\t<\/div>\n\t\t<\/form>\n\t\t\t\t\t\t<\/div>\n\t\t\t\t<\/div>\n\t\t\t\t\t<\/div>\n\t\t<\/div>\n\t\t\t\t<div class=\"elementor-column elementor-col-50 elementor-inner-column elementor-element elementor-element-5c93e9ff\" data-id=\"5c93e9ff\" data-element_type=\"column\">\n\t\t\t<div class=\"elementor-widget-wrap elementor-element-populated\">\n\t\t\t\t\t\t<div class=\"elementor-element elementor-element-132bacb1 elementor-widget elementor-widget-heading\" data-id=\"132bacb1\" data-element_type=\"widget\" data-widget_type=\"heading.default\">\n\t\t\t\t<div class=\"elementor-widget-container\">\n\t\t\t\t\t<h2 class=\"elementor-heading-title elementor-size-default\"><i class=\"fa fa-map\"><\/i> MAPA DE UBICACI\u00d3N<\/h2>\t\t\t\t<\/div>\n\t\t\t\t<\/div>\n\t\t\t\t<div class=\"elementor-element elementor-element-2416af2c elementor-widget elementor-widget-heading\" data-id=\"2416af2c\" data-element_type=\"widget\" data-widget_type=\"heading.default\">\n\t\t\t\t<div class=\"elementor-widget-container\">\n\t\t\t\t\t<h2 class=\"elementor-heading-title elementor-size-default\"><i class=\"fa fa-info\"><\/i> INFORMACI\u00d3N<\/h2>\t\t\t\t<\/div>\n\t\t\t\t<\/div>\n\t\t\t\t<div class=\"elementor-element elementor-element-139af96c elementor-widget elementor-widget-html\" data-id=\"139af96c\" data-element_type=\"widget\" data-widget_type=\"html.default\">\n\t\t\t\t<div class=\"elementor-widget-container\">\n\t\t\t\t\t<iframe src=\"https:\/\/www.google.com\/maps\/embed?pb=!1m18!1m12!1m3!1d3872.216300358099!2d-72.17825358881737!3d-13.94572278010372!2m3!1f0!2f0!3f0!3m2!1i1024!2i768!4f13.1!3m3!1m2!1s0x916c3d734984b52d%3A0xde47668760a66fea!2sIESP%20JOSE%20CARLOS%20MARIATEGUI!5e0!3m2!1ses-419!2spe!4v1766790641085!5m2!1ses-419!2spe\" width=\"600\" height=\"450\" style=\"border:0;\" allowfullscreen=\"\" loading=\"lazy\" referrerpolicy=\"no-referrer-when-downgrade\"><\/iframe>\t\t\t\t<\/div>\n\t\t\t\t<\/div>\n\t\t\t\t\t<\/div>\n\t\t<\/div>\n\t\t\t\t\t<\/div>\n\t\t<\/section>\n\t\t\t\t\t<\/div>\n\t\t<\/div>\n\t\t\t\t\t<\/div>\n\t\t<\/section>\n\t\t\t\t<\/div>\n\t\t","protected":false},"excerpt":{"rendered":"<p>Contacto Puede contactarnos a trav\u00e9s de nuestros distintos canales de comunicaci\u00f3n. FORMULARIO MAPA DE UBICACI\u00d3N INFORMACI\u00d3N<\/p>\n","protected":false},"author":1,"featured_media":0,"parent":0,"menu_order":0,"comment_status":"closed","ping_status":"closed","template":"","meta":{"footnotes":""},"class_list":["post-35","page","type-page","status-publish","hentry"],"yoast_head":"<!-- This site is optimized with the Yoast SEO plugin v26.6 - https:\/\/yoast.com\/wordpress\/plugins\/seo\/ -->\n<title>CONTACTO - Radio Kutaq Pampa | FM 96.3 Mhz<\/title>\n<meta name=\"robots\" content=\"index, follow, max-snippet:-1, max-image-preview:large, max-video-preview:-1\" \/>\n<link rel=\"canonical\" href=\"https:\/\/www.radiokutaqpampa.com\/?page_id=35\" \/>\n<meta property=\"og:locale\" content=\"es_ES\" \/>\n<meta property=\"og:type\" content=\"article\" \/>\n<meta property=\"og:title\" content=\"CONTACTO - Radio Kutaq Pampa | FM 96.3 Mhz\" \/>\n<meta property=\"og:description\" content=\"Contacto Puede contactarnos a trav\u00e9s de nuestros distintos canales de comunicaci\u00f3n. FORMULARIO MAPA DE UBICACI\u00d3N INFORMACI\u00d3N\" \/>\n<meta property=\"og:url\" content=\"https:\/\/www.radiokutaqpampa.com\/?page_id=35\" \/>\n<meta property=\"og:site_name\" content=\"Radio Kutaq Pampa | FM 96.3 Mhz\" \/>\n<meta property=\"article:modified_time\" content=\"2025-12-31T01:51:25+00:00\" \/>\n<meta property=\"og:image\" content=\"https:\/\/www.radiokutaqpampa.com\/wp-content\/uploads\/2025\/12\/image-4.png\" \/>\n<meta name=\"twitter:card\" content=\"summary_large_image\" \/>\n<meta name=\"twitter:label1\" content=\"Tiempo de lectura\" \/>\n\t<meta name=\"twitter:data1\" content=\"1 minuto\" \/>\n<script type=\"application\/ld+json\" class=\"yoast-schema-graph\">{\"@context\":\"https:\/\/schema.org\",\"@graph\":[{\"@type\":\"WebPage\",\"@id\":\"https:\/\/www.radiokutaqpampa.com\/?page_id=35\",\"url\":\"https:\/\/www.radiokutaqpampa.com\/?page_id=35\",\"name\":\"CONTACTO - Radio Kutaq Pampa | FM 96.3 Mhz\",\"isPartOf\":{\"@id\":\"https:\/\/www.radiokutaqpampa.com\/#website\"},\"primaryImageOfPage\":{\"@id\":\"https:\/\/www.radiokutaqpampa.com\/?page_id=35#primaryimage\"},\"image\":{\"@id\":\"https:\/\/www.radiokutaqpampa.com\/?page_id=35#primaryimage\"},\"thumbnailUrl\":\"https:\/\/www.radiokutaqpampa.com\/wp-content\/uploads\/2025\/12\/image-4.png\",\"datePublished\":\"2021-11-12T20:58:22+00:00\",\"dateModified\":\"2025-12-31T01:51:25+00:00\",\"breadcrumb\":{\"@id\":\"https:\/\/www.radiokutaqpampa.com\/?page_id=35#breadcrumb\"},\"inLanguage\":\"es\",\"potentialAction\":[{\"@type\":\"ReadAction\",\"target\":[\"https:\/\/www.radiokutaqpampa.com\/?page_id=35\"]}]},{\"@type\":\"ImageObject\",\"inLanguage\":\"es\",\"@id\":\"https:\/\/www.radiokutaqpampa.com\/?page_id=35#primaryimage\",\"url\":\"https:\/\/www.radiokutaqpampa.com\/wp-content\/uploads\/2025\/12\/image-4.png\",\"contentUrl\":\"https:\/\/www.radiokutaqpampa.com\/wp-content\/uploads\/2025\/12\/image-4.png\",\"width\":616,\"height\":503},{\"@type\":\"BreadcrumbList\",\"@id\":\"https:\/\/www.radiokutaqpampa.com\/?page_id=35#breadcrumb\",\"itemListElement\":[{\"@type\":\"ListItem\",\"position\":1,\"name\":\"Portada\",\"item\":\"https:\/\/www.radiokutaqpampa.com\/\"},{\"@type\":\"ListItem\",\"position\":2,\"name\":\"CONTACTO\"}]},{\"@type\":\"WebSite\",\"@id\":\"https:\/\/www.radiokutaqpampa.com\/#website\",\"url\":\"https:\/\/www.radiokutaqpampa.com\/\",\"name\":\"Radio Kutaq Pampa | FM 96.3 Mhz\",\"description\":\"Noticias, informaci\u00f3n, actualidad, Televisi\u00f3n en VIVO y mas...\",\"publisher\":{\"@id\":\"https:\/\/www.radiokutaqpampa.com\/#organization\"},\"potentialAction\":[{\"@type\":\"SearchAction\",\"target\":{\"@type\":\"EntryPoint\",\"urlTemplate\":\"https:\/\/www.radiokutaqpampa.com\/?s={search_term_string}\"},\"query-input\":{\"@type\":\"PropertyValueSpecification\",\"valueRequired\":true,\"valueName\":\"search_term_string\"}}],\"inLanguage\":\"es\"},{\"@type\":\"Organization\",\"@id\":\"https:\/\/www.radiokutaqpampa.com\/#organization\",\"name\":\"Radio Kutaq Pampa | FM 96.3 Mhz\",\"url\":\"https:\/\/www.radiokutaqpampa.com\/\",\"logo\":{\"@type\":\"ImageObject\",\"inLanguage\":\"es\",\"@id\":\"https:\/\/www.radiokutaqpampa.com\/#\/schema\/logo\/image\/\",\"url\":\"https:\/\/www.radiokutaqpampa.com\/wp-content\/uploads\/2021\/11\/cropped-LOGO-MASTER-RADIO-Y-TEVE.png\",\"contentUrl\":\"https:\/\/www.radiokutaqpampa.com\/wp-content\/uploads\/2021\/11\/cropped-LOGO-MASTER-RADIO-Y-TEVE.png\",\"width\":2048,\"height\":1280,\"caption\":\"Radio Kutaq Pampa | FM 96.3 Mhz\"},\"image\":{\"@id\":\"https:\/\/www.radiokutaqpampa.com\/#\/schema\/logo\/image\/\"}}]}<\/script>\n<!-- \/ Yoast SEO plugin. -->","yoast_head_json":{"title":"CONTACTO - Radio Kutaq Pampa | FM 96.3 Mhz","robots":{"index":"index","follow":"follow","max-snippet":"max-snippet:-1","max-image-preview":"max-image-preview:large","max-video-preview":"max-video-preview:-1"},"canonical":"https:\/\/www.radiokutaqpampa.com\/?page_id=35","og_locale":"es_ES","og_type":"article","og_title":"CONTACTO - Radio Kutaq Pampa | FM 96.3 Mhz","og_description":"Contacto Puede contactarnos a trav\u00e9s de nuestros distintos canales de comunicaci\u00f3n. FORMULARIO MAPA DE UBICACI\u00d3N INFORMACI\u00d3N","og_url":"https:\/\/www.radiokutaqpampa.com\/?page_id=35","og_site_name":"Radio Kutaq Pampa | FM 96.3 Mhz","article_modified_time":"2025-12-31T01:51:25+00:00","og_image":[{"url":"https:\/\/www.radiokutaqpampa.com\/wp-content\/uploads\/2025\/12\/image-4.png","type":"","width":"","height":""}],"twitter_card":"summary_large_image","twitter_misc":{"Tiempo de lectura":"1 minuto"},"schema":{"@context":"https:\/\/schema.org","@graph":[{"@type":"WebPage","@id":"https:\/\/www.radiokutaqpampa.com\/?page_id=35","url":"https:\/\/www.radiokutaqpampa.com\/?page_id=35","name":"CONTACTO - Radio Kutaq Pampa | FM 96.3 Mhz","isPartOf":{"@id":"https:\/\/www.radiokutaqpampa.com\/#website"},"primaryImageOfPage":{"@id":"https:\/\/www.radiokutaqpampa.com\/?page_id=35#primaryimage"},"image":{"@id":"https:\/\/www.radiokutaqpampa.com\/?page_id=35#primaryimage"},"thumbnailUrl":"https:\/\/www.radiokutaqpampa.com\/wp-content\/uploads\/2025\/12\/image-4.png","datePublished":"2021-11-12T20:58:22+00:00","dateModified":"2025-12-31T01:51:25+00:00","breadcrumb":{"@id":"https:\/\/www.radiokutaqpampa.com\/?page_id=35#breadcrumb"},"inLanguage":"es","potentialAction":[{"@type":"ReadAction","target":["https:\/\/www.radiokutaqpampa.com\/?page_id=35"]}]},{"@type":"ImageObject","inLanguage":"es","@id":"https:\/\/www.radiokutaqpampa.com\/?page_id=35#primaryimage","url":"https:\/\/www.radiokutaqpampa.com\/wp-content\/uploads\/2025\/12\/image-4.png","contentUrl":"https:\/\/www.radiokutaqpampa.com\/wp-content\/uploads\/2025\/12\/image-4.png","width":616,"height":503},{"@type":"BreadcrumbList","@id":"https:\/\/www.radiokutaqpampa.com\/?page_id=35#breadcrumb","itemListElement":[{"@type":"ListItem","position":1,"name":"Portada","item":"https:\/\/www.radiokutaqpampa.com\/"},{"@type":"ListItem","position":2,"name":"CONTACTO"}]},{"@type":"WebSite","@id":"https:\/\/www.radiokutaqpampa.com\/#website","url":"https:\/\/www.radiokutaqpampa.com\/","name":"Radio Kutaq Pampa | FM 96.3 Mhz","description":"Noticias, informaci\u00f3n, actualidad, Televisi\u00f3n en VIVO y mas...","publisher":{"@id":"https:\/\/www.radiokutaqpampa.com\/#organization"},"potentialAction":[{"@type":"SearchAction","target":{"@type":"EntryPoint","urlTemplate":"https:\/\/www.radiokutaqpampa.com\/?s={search_term_string}"},"query-input":{"@type":"PropertyValueSpecification","valueRequired":true,"valueName":"search_term_string"}}],"inLanguage":"es"},{"@type":"Organization","@id":"https:\/\/www.radiokutaqpampa.com\/#organization","name":"Radio Kutaq Pampa | FM 96.3 Mhz","url":"https:\/\/www.radiokutaqpampa.com\/","logo":{"@type":"ImageObject","inLanguage":"es","@id":"https:\/\/www.radiokutaqpampa.com\/#\/schema\/logo\/image\/","url":"https:\/\/www.radiokutaqpampa.com\/wp-content\/uploads\/2021\/11\/cropped-LOGO-MASTER-RADIO-Y-TEVE.png","contentUrl":"https:\/\/www.radiokutaqpampa.com\/wp-content\/uploads\/2021\/11\/cropped-LOGO-MASTER-RADIO-Y-TEVE.png","width":2048,"height":1280,"caption":"Radio Kutaq Pampa | FM 96.3 Mhz"},"image":{"@id":"https:\/\/www.radiokutaqpampa.com\/#\/schema\/logo\/image\/"}}]}},"_links":{"self":[{"href":"https:\/\/www.radiokutaqpampa.com\/index.php?rest_route=\/wp\/v2\/pages\/35","targetHints":{"allow":["GET"]}}],"collection":[{"href":"https:\/\/www.radiokutaqpampa.com\/index.php?rest_route=\/wp\/v2\/pages"}],"about":[{"href":"https:\/\/www.radiokutaqpampa.com\/index.php?rest_route=\/wp\/v2\/types\/page"}],"author":[{"embeddable":true,"href":"https:\/\/www.radiokutaqpampa.com\/index.php?rest_route=\/wp\/v2\/users\/1"}],"replies":[{"embeddable":true,"href":"https:\/\/www.radiokutaqpampa.com\/index.php?rest_route=%2Fwp%2Fv2%2Fcomments&post=35"}],"version-history":[{"count":64,"href":"https:\/\/www.radiokutaqpampa.com\/index.php?rest_route=\/wp\/v2\/pages\/35\/revisions"}],"predecessor-version":[{"id":1683,"href":"https:\/\/www.radiokutaqpampa.com\/index.php?rest_route=\/wp\/v2\/pages\/35\/revisions\/1683"}],"wp:attachment":[{"href":"https:\/\/www.radiokutaqpampa.com\/index.php?rest_route=%2Fwp%2Fv2%2Fmedia&parent=35"}],"curies":[{"name":"wp","href":"https:\/\/api.w.org\/{rel}","templated":true}]}}