{"id":37,"date":"2021-11-12T20:58:32","date_gmt":"2021-11-12T20:58:32","guid":{"rendered":"https:\/\/uraniotv.pe\/?page_id=37"},"modified":"2025-12-30T20:49:33","modified_gmt":"2025-12-31T01:49:33","slug":"programacion","status":"publish","type":"page","link":"https:\/\/www.radiokutaqpampa.com\/?page_id=37","title":{"rendered":"PROGRAMACI\u00d3N"},"content":{"rendered":"\t\t<div data-elementor-type=\"wp-page\" data-elementor-id=\"37\" class=\"elementor elementor-37\">\n\t\t\t\t\t\t<section class=\"elementor-section elementor-top-section elementor-element elementor-element-bb92568 elementor-section-boxed elementor-section-height-default elementor-section-height-default\" data-id=\"bb92568\" data-element_type=\"section\">\n\t\t\t\t\t\t<div class=\"elementor-container elementor-column-gap-default\">\n\t\t\t\t\t<div class=\"elementor-column elementor-col-100 elementor-top-column elementor-element elementor-element-88dc542\" data-id=\"88dc542\" data-element_type=\"column\" data-settings=\"{&quot;background_background&quot;:&quot;classic&quot;}\">\n\t\t\t<div class=\"elementor-widget-wrap elementor-element-populated\">\n\t\t\t\t\t\t<div class=\"elementor-element elementor-element-4426fcf elementor-widget elementor-widget-spacer\" data-id=\"4426fcf\" data-element_type=\"widget\" data-widget_type=\"spacer.default\">\n\t\t\t\t<div class=\"elementor-widget-container\">\n\t\t\t\t\t\t\t<div class=\"elementor-spacer\">\n\t\t\t<div class=\"elementor-spacer-inner\"><\/div>\n\t\t<\/div>\n\t\t\t\t\t\t<\/div>\n\t\t\t\t<\/div>\n\t\t\t\t<div class=\"elementor-element elementor-element-d7edf6c elementor-widget elementor-widget-heading\" data-id=\"d7edf6c\" data-element_type=\"widget\" data-widget_type=\"heading.default\">\n\t\t\t\t<div class=\"elementor-widget-container\">\n\t\t\t\t\t<h2 class=\"elementor-heading-title elementor-size-default\">PROGRAMACI\u00d3N <\/h2>\t\t\t\t<\/div>\n\t\t\t\t<\/div>\n\t\t\t\t<section class=\"elementor-section elementor-inner-section elementor-element elementor-element-bc3b38e elementor-section-boxed elementor-section-height-default elementor-section-height-default\" data-id=\"bc3b38e\" data-element_type=\"section\">\n\t\t\t\t\t\t<div class=\"elementor-container elementor-column-gap-default\">\n\t\t\t\t\t<div class=\"elementor-column elementor-col-100 elementor-inner-column elementor-element elementor-element-8cebc4c\" data-id=\"8cebc4c\" data-element_type=\"column\">\n\t\t\t<div class=\"elementor-widget-wrap elementor-element-populated\">\n\t\t\t\t\t\t<div class=\"elementor-element elementor-element-0ef5ab4 elementor-widget elementor-widget-text-editor\" data-id=\"0ef5ab4\" data-element_type=\"widget\" data-widget_type=\"text-editor.default\">\n\t\t\t\t<div class=\"elementor-widget-container\">\n\t\t\t\t\t\t\t\t\t<table width=\"1250\"><tbody><tr><td width=\"145\"><b>HORARIO<\/b><\/td><td width=\"154\"><b>LUNES<\/b><\/td><td width=\"154\"><b>MARTES<\/b><\/td><td width=\"155\"><b>MIERCOLES<\/b><\/td><td width=\"163\"><b>JUEVES<\/b><\/td><td width=\"159\"><b>VIERNES<\/b><\/td><td width=\"157\"><b>S\u00c1BADO<\/b><\/td><td width=\"163\"><b>DOMINGO<\/b><\/td><\/tr><tr><td width=\"145\"><table><tbody><tr><td width=\"102\"><p>5 \u2013 6 a.m.<\/p><\/td><\/tr><\/tbody><\/table><\/td><td width=\"154\">Amanecer Cotabambino &#8211; (GENERO FOLCLOR)<\/td><td width=\"154\">Amanecer Cotabambino &#8211; (GENERO FOLCLOR)<\/td><td width=\"155\">Amanecer Cotabambino &#8211; (GENERO FOLCLOR)<\/td><td width=\"163\">Amanecer Cotabambino &#8211; (GENERO FOLCLOR)<\/td><td width=\"159\">Amanecer Cotabambino &#8211; (GENERO FOLCLOR)<\/td><td width=\"157\">\u00a0<\/td><td width=\"163\">\u00a0<\/td><\/tr><tr><td width=\"145\"><table><tbody><tr><td width=\"102\"><p>6 \u2013 7 a.m.<\/p><\/td><\/tr><\/tbody><\/table><\/td><td width=\"154\"><table><tbody><tr><td width=\"316\"><p>Mis Tradiciones y Costumbres &#8211; (GENERO CULTURA)<\/p><\/td><\/tr><\/tbody><\/table><\/td><td width=\"154\">Mis Tradiciones y Costumbres &#8211; (GENERO CULTURA)<\/td><td width=\"155\">Mis Tradiciones y Costumbres &#8211; (GENERO CULTURA)<\/td><td width=\"163\">Mis Tradiciones y Costumbres &#8211; (GENERO CULTURA)<\/td><td width=\"159\">Mis Tradiciones y Costumbres &#8211; (GENERO CULTURA)<\/td><td width=\"157\">\u00a0<\/td><td width=\"163\">\u00a0<\/td><\/tr><tr><td width=\"145\">7 \u2013 8 a.m.<\/td><td width=\"154\">Bit\u00e1cora Cultural Comunal &#8211; (INFORMATIVA)<\/td><td width=\"154\">Bit\u00e1cora Cultural Comunal &#8211; (INFORMATIVA)<\/td><td width=\"155\">Bit\u00e1cora Cultural Comunal &#8211; (INFORMATIVA)<\/td><td width=\"163\">Bit\u00e1cora Cultural Comunal &#8211; (INFORMATIVA)<\/td><td width=\"159\">Bit\u00e1cora Cultural Comunal &#8211; (INFORMATIVA)<\/td><td width=\"157\">\u00a0<\/td><td width=\"163\">\u00a0<\/td><\/tr><tr><td width=\"145\"><table><tbody><tr><td width=\"102\"><p>8 \u2013 10 a.m.<\/p><\/td><\/tr><\/tbody><\/table><\/td><td width=\"154\">Ma\u00f1ana Variada &#8211; (Folclor)<\/td><td width=\"154\">\u00a0Ma\u00f1ana Variada &#8211; (Folclor)<\/td><td width=\"155\">\u00a0Ma\u00f1ana Variada &#8211; (Folclor)<\/td><td width=\"163\">\u00a0Ma\u00f1ana Variada &#8211; (Folclor)<\/td><td width=\"159\">\u00a0Ma\u00f1ana Variada &#8211; (Folclor)<\/td><td width=\"157\">\u00a0<\/td><td width=\"163\">\u00a0<\/td><\/tr><tr><td width=\"145\"><table><tbody><tr><td width=\"102\"><p>10 \u2013 12 m.<\/p><\/td><\/tr><\/tbody><\/table><\/td><td width=\"154\">M\u00fasica Vernacular &#8211; (Miscel\u00e1nea)<\/td><td width=\"154\">M\u00fasica Vernacular &#8211; (Miscel\u00e1nea)<\/td><td width=\"155\">M\u00fasica Vernacular &#8211; (Miscel\u00e1nea)<\/td><td width=\"163\">M\u00fasica Vernacular &#8211; (Miscel\u00e1nea)<\/td><td width=\"159\">M\u00fasica Vernacular &#8211; (Miscel\u00e1nea)<\/td><td width=\"157\">\u00a0<\/td><td width=\"163\">\u00a0<\/td><\/tr><tr><td width=\"145\"><table><tbody><tr><td width=\"102\"><p>12 \u2013 2 p.m.<\/p><\/td><\/tr><\/tbody><\/table><\/td><td width=\"154\"><table><tbody><tr><td width=\"316\"><p>Especial de Kutaqpampa &#8211; (Informativa)<\/p><\/td><\/tr><\/tbody><\/table><\/td><td width=\"154\">Especial de Kutaqpampa &#8211; (Informativa)<\/td><td width=\"155\">Especial de Kutaqpampa &#8211; (Informativa)<\/td><td width=\"163\">Especial de Kutaqpampa &#8211; (Informativa)<\/td><td width=\"159\">Especial de Kutaqpampa &#8211; (Informativa)<\/td><td width=\"157\">\u00a0<\/td><td width=\"163\">\u00a0<\/td><\/tr><tr><td width=\"145\"><table><tbody><tr><td width=\"102\"><p>2 \u2013 4 p.m.<\/p><\/td><\/tr><\/tbody><\/table><\/td><td width=\"154\"><table><tbody><tr><td width=\"316\"><p>Tardes Inolvidables &#8211; (M\u00fasica)<\/p><\/td><\/tr><\/tbody><\/table><\/td><td width=\"154\"><table><tbody><tr><td width=\"316\"><p>Tardes Inolvidables &#8211; (M\u00fasica)<\/p><\/td><\/tr><\/tbody><\/table><\/td><td width=\"155\"><table><tbody><tr><td width=\"316\"><p>Tardes Inolvidables &#8211; (M\u00fasica)<\/p><\/td><\/tr><\/tbody><\/table><\/td><td width=\"163\"><table><tbody><tr><td width=\"316\"><p>Tardes Inolvidables &#8211; (M\u00fasica)<\/p><\/td><\/tr><\/tbody><\/table><\/td><td width=\"159\"><table><tbody><tr><td width=\"316\"><p>Tardes Inolvidables &#8211; (M\u00fasica)<\/p><\/td><\/tr><\/tbody><\/table><\/td><td width=\"157\">\u00a0<\/td><td width=\"163\">\u00a0<\/td><\/tr><tr><td width=\"145\"><table><tbody><tr><td width=\"102\"><p>4 \u2013 6 p.m.<\/p><\/td><\/tr><\/tbody><\/table><\/td><td width=\"154\"><table><tbody><tr><td width=\"316\"><p>Atardecer Cotabambino &#8211; (Miscel\u00e1nea)<\/p><\/td><\/tr><\/tbody><\/table><\/td><td width=\"154\"><table><tbody><tr><td width=\"316\"><p>Atardecer Cotabambino &#8211; (Miscel\u00e1nea)<\/p><\/td><\/tr><\/tbody><\/table><\/td><td width=\"155\"><table><tbody><tr><td width=\"316\"><p>Atardecer Cotabambino &#8211; (Miscel\u00e1nea)<\/p><\/td><\/tr><\/tbody><\/table><\/td><td width=\"163\"><table><tbody><tr><td width=\"316\"><p>Atardecer Cotabambino &#8211; (Miscel\u00e1nea)<\/p><\/td><\/tr><\/tbody><\/table><\/td><td width=\"159\"><table><tbody><tr><td width=\"316\"><p>Atardecer Cotabambino &#8211; (Miscel\u00e1nea)<\/p><\/td><\/tr><\/tbody><\/table><\/td><td width=\"157\">\u00a0<\/td><td width=\"163\">\u00a0<\/td><\/tr><tr><td width=\"145\"><table><tbody><tr><td width=\"102\"><p>6 \u2013 7 p.m.<\/p><\/td><\/tr><\/tbody><\/table><\/td><td width=\"154\"><table><tbody><tr><td width=\"316\"><p>Remembranzas de mi Pueblo &#8211; (Cultura)<\/p><\/td><\/tr><\/tbody><\/table><\/td><td width=\"154\"><table><tbody><tr><td width=\"316\"><p>Remembranzas de mi Pueblo &#8211; (Cultura)<\/p><\/td><\/tr><\/tbody><\/table><\/td><td width=\"155\"><table><tbody><tr><td width=\"316\"><p>Remembranzas de mi Pueblo &#8211; (Cultura)<\/p><\/td><\/tr><\/tbody><\/table><\/td><td width=\"163\"><table><tbody><tr><td width=\"316\"><p>Remembranzas de mi Pueblo &#8211; (Cultura)<\/p><\/td><\/tr><\/tbody><\/table><\/td><td width=\"159\"><table><tbody><tr><td width=\"316\"><p>Remembranzas de mi Pueblo &#8211; (Cultura)<\/p><\/td><\/tr><\/tbody><\/table><\/td><td width=\"157\">\u00a0<\/td><td width=\"163\">\u00a0<\/td><\/tr><tr><td width=\"145\"><table><tbody><tr><td width=\"102\"><p>7 \u2013 8 p.m.<\/p><\/td><\/tr><\/tbody><\/table><\/td><td width=\"154\"><table><tbody><tr><td width=\"316\"><p>\u00c9xitos del Recuerdo &#8211; (M\u00fasica)<\/p><\/td><\/tr><\/tbody><\/table><\/td><td width=\"154\">\u00c9xitos del Recuerdo &#8211; (M\u00fasica)<\/td><td width=\"155\">\u00c9xitos del Recuerdo &#8211; (M\u00fasica)<\/td><td width=\"163\">\u00c9xitos del Recuerdo &#8211; (M\u00fasica)<\/td><td width=\"159\">\u00c9xitos del Recuerdo &#8211; (M\u00fasica)<\/td><td width=\"157\">\u00a0<\/td><td width=\"163\">\u00a0<\/td><\/tr><tr><td width=\"145\"><table><tbody><tr><td width=\"111\"><p>5 \u2013 7 a.m.<\/p><\/td><\/tr><\/tbody><\/table><\/td><td width=\"154\">\u00a0<\/td><td width=\"154\">\u00a0<\/td><td width=\"155\">\u00a0<\/td><td width=\"163\">\u00a0<\/td><td width=\"159\">\u00a0<\/td><td width=\"157\">Kusikuspa Risch\u2019ariy &#8211; (Folclor)<\/td><td width=\"163\">Kusikuspa Risch\u2019ariy &#8211; (Folclor)<\/td><\/tr><tr><td width=\"145\"><table><tbody><tr><td width=\"111\"><p>7 \u2013 9 a.m.<\/p><\/td><\/tr><\/tbody><\/table><\/td><td width=\"154\">\u00a0<\/td><td width=\"154\">\u00a0<\/td><td width=\"155\">\u00a0<\/td><td width=\"163\">\u00a0<\/td><td width=\"159\">\u00a0<\/td><td width=\"157\"><table><tbody><tr><td width=\"306\"><p>Educaci\u00f3n Ambiental &#8211; Informativa\u00a0<\/p><\/td><\/tr><\/tbody><\/table><\/td><td width=\"163\">Educaci\u00f3n Ambiental &#8211; Informativa\u00a0<\/td><\/tr><tr><td width=\"145\"><table><tbody><tr><td width=\"111\"><p>9 \u2013 12 m.<\/p><\/td><\/tr><\/tbody><\/table><\/td><td width=\"154\">\u00a0<\/td><td width=\"154\">\u00a0<\/td><td width=\"155\">\u00a0<\/td><td width=\"163\">\u00a0<\/td><td width=\"159\">\u00a0<\/td><td width=\"157\"><table><tbody><tr><td width=\"306\"><p>Llaqtanchispa Rimaynin &#8211; (Cultural)<\/p><\/td><\/tr><\/tbody><\/table><\/td><td width=\"163\"><br \/><table><tbody><tr><td width=\"306\"><p>Llaqtanchispa Rimaynin &#8211; (Cultural)<\/p><\/td><\/tr><\/tbody><\/table><\/td><\/tr><tr><td width=\"145\"><table><tbody><tr><td width=\"111\"><p>12 \u2013 4 p.m.<\/p><\/td><\/tr><\/tbody><\/table><\/td><td width=\"154\">\u00a0<\/td><td width=\"154\">\u00a0<\/td><td width=\"155\">\u00a0<\/td><td width=\"163\">\u00a0<\/td><td width=\"159\">\u00a0<\/td><td width=\"157\"><table><tbody><tr><td width=\"306\"><p>Llaqtamanta Llaqtanchispaq -(Folclor)<\/p><\/td><\/tr><\/tbody><\/table><\/td><td width=\"163\">Llaqtamanta Llaqtanchispaq -(Folclor)<\/td><\/tr><tr><td width=\"145\"><table><tbody><tr><td width=\"111\"><p>4 \u2013 7 p.m.<\/p><\/td><\/tr><\/tbody><\/table><p>\u00a0<\/p><table><tbody><tr><td width=\"111\"><p>7 \u2013 9 p.m.<\/p><\/td><\/tr><\/tbody><\/table><\/td><td width=\"154\">\u00a0<\/td><td width=\"154\">\u00a0<\/td><td width=\"155\">\u00a0<\/td><td width=\"163\">\u00a0<\/td><td width=\"159\">\u00a0<\/td><td width=\"157\"><table><tbody><tr><td width=\"306\"><p>Llaqta Kusirichiy &#8211; M\u00fausica Tropical)\u00a0<\/p><p>\u00a0<\/p><table><tbody><tr><td width=\"306\"><p>Noche Tropical &#8211; (M\u00fasica)<\/p><\/td><\/tr><\/tbody><\/table><\/td><\/tr><\/tbody><\/table><\/td><td width=\"163\"><table><tbody><tr><td width=\"306\"><p>Llaqta Kusirichiy &#8211; M\u00fausica Tropical)\u00a0<\/p><p>\u00a0<\/p><table><tbody><tr><td width=\"306\"><p>Noche Tropical &#8211; (M\u00fasica)<\/p><\/td><\/tr><\/tbody><\/table><\/td><\/tr><\/tbody><\/table><\/td><\/tr><\/tbody><\/table>\t\t\t\t\t\t\t\t<\/div>\n\t\t\t\t<\/div>\n\t\t\t\t\t<\/div>\n\t\t<\/div>\n\t\t\t\t\t<\/div>\n\t\t<\/section>\n\t\t\t\t\t<\/div>\n\t\t<\/div>\n\t\t\t\t\t<\/div>\n\t\t<\/section>\n\t\t\t\t<\/div>\n\t\t","protected":false},"excerpt":{"rendered":"<p>PROGRAMACI\u00d3N HORARIO LUNES MARTES MIERCOLES JUEVES VIERNES S\u00c1BADO DOMINGO 5 \u2013 6 a.m. Amanecer Cotabambino &#8211; (GENERO FOLCLOR) Amanecer Cotabambino &#8211; (GENERO FOLCLOR) Amanecer Cotabambino &#8211; (GENERO FOLCLOR) Amanecer Cotabambino &#8211; (GENERO FOLCLOR) Amanecer Cotabambino &#8211; (GENERO FOLCLOR) \u00a0 \u00a0 6 \u2013 7 a.m. Mis Tradiciones y Costumbres &#8211; (GENERO CULTURA) Mis Tradiciones y Costumbres [&hellip;]<\/p>\n","protected":false},"author":1,"featured_media":0,"parent":0,"menu_order":0,"comment_status":"closed","ping_status":"closed","template":"","meta":{"footnotes":""},"class_list":["post-37","page","type-page","status-publish","hentry"],"yoast_head":"<!-- This site is optimized with the Yoast SEO plugin v26.6 - https:\/\/yoast.com\/wordpress\/plugins\/seo\/ -->\n<title>PROGRAMACI\u00d3N - Radio Kutaq Pampa | FM 96.3 Mhz<\/title>\n<meta name=\"robots\" content=\"index, follow, max-snippet:-1, max-image-preview:large, max-video-preview:-1\" \/>\n<link rel=\"canonical\" href=\"https:\/\/www.radiokutaqpampa.com\/?page_id=37\" \/>\n<meta property=\"og:locale\" content=\"es_ES\" \/>\n<meta property=\"og:type\" content=\"article\" \/>\n<meta property=\"og:title\" content=\"PROGRAMACI\u00d3N - Radio Kutaq Pampa | FM 96.3 Mhz\" \/>\n<meta property=\"og:description\" content=\"PROGRAMACI\u00d3N HORARIO LUNES MARTES MIERCOLES JUEVES VIERNES S\u00c1BADO DOMINGO 5 \u2013 6 a.m. Amanecer Cotabambino &#8211; (GENERO FOLCLOR) Amanecer Cotabambino &#8211; (GENERO FOLCLOR) Amanecer Cotabambino &#8211; (GENERO FOLCLOR) Amanecer Cotabambino &#8211; (GENERO FOLCLOR) Amanecer Cotabambino &#8211; (GENERO FOLCLOR) \u00a0 \u00a0 6 \u2013 7 a.m. Mis Tradiciones y Costumbres &#8211; (GENERO CULTURA) Mis Tradiciones y Costumbres [&hellip;]\" \/>\n<meta property=\"og:url\" content=\"https:\/\/www.radiokutaqpampa.com\/?page_id=37\" \/>\n<meta property=\"og:site_name\" content=\"Radio Kutaq Pampa | FM 96.3 Mhz\" \/>\n<meta property=\"article:modified_time\" content=\"2025-12-31T01:49:33+00:00\" \/>\n<meta property=\"og:image\" content=\"https:\/\/www.radiokutaqpampa.com\/wp-content\/uploads\/2021\/11\/LOGO-MASTER-RADIO-Y-TEVE.png\" \/>\n\t<meta property=\"og:image:width\" content=\"2048\" \/>\n\t<meta property=\"og:image:height\" content=\"1280\" \/>\n\t<meta property=\"og:image:type\" content=\"image\/png\" \/>\n<meta name=\"twitter:card\" content=\"summary_large_image\" \/>\n<meta name=\"twitter:label1\" content=\"Tiempo de lectura\" \/>\n\t<meta name=\"twitter:data1\" content=\"2 minutos\" \/>\n<script type=\"application\/ld+json\" class=\"yoast-schema-graph\">{\"@context\":\"https:\/\/schema.org\",\"@graph\":[{\"@type\":\"WebPage\",\"@id\":\"https:\/\/www.radiokutaqpampa.com\/?page_id=37\",\"url\":\"https:\/\/www.radiokutaqpampa.com\/?page_id=37\",\"name\":\"PROGRAMACI\u00d3N - Radio Kutaq Pampa | FM 96.3 Mhz\",\"isPartOf\":{\"@id\":\"https:\/\/www.radiokutaqpampa.com\/#website\"},\"datePublished\":\"2021-11-12T20:58:32+00:00\",\"dateModified\":\"2025-12-31T01:49:33+00:00\",\"breadcrumb\":{\"@id\":\"https:\/\/www.radiokutaqpampa.com\/?page_id=37#breadcrumb\"},\"inLanguage\":\"es\",\"potentialAction\":[{\"@type\":\"ReadAction\",\"target\":[\"https:\/\/www.radiokutaqpampa.com\/?page_id=37\"]}]},{\"@type\":\"BreadcrumbList\",\"@id\":\"https:\/\/www.radiokutaqpampa.com\/?page_id=37#breadcrumb\",\"itemListElement\":[{\"@type\":\"ListItem\",\"position\":1,\"name\":\"Portada\",\"item\":\"https:\/\/www.radiokutaqpampa.com\/\"},{\"@type\":\"ListItem\",\"position\":2,\"name\":\"PROGRAMACI\u00d3N\"}]},{\"@type\":\"WebSite\",\"@id\":\"https:\/\/www.radiokutaqpampa.com\/#website\",\"url\":\"https:\/\/www.radiokutaqpampa.com\/\",\"name\":\"Radio Kutaq Pampa | FM 96.3 Mhz\",\"description\":\"Noticias, informaci\u00f3n, actualidad, Televisi\u00f3n en VIVO y mas...\",\"publisher\":{\"@id\":\"https:\/\/www.radiokutaqpampa.com\/#organization\"},\"potentialAction\":[{\"@type\":\"SearchAction\",\"target\":{\"@type\":\"EntryPoint\",\"urlTemplate\":\"https:\/\/www.radiokutaqpampa.com\/?s={search_term_string}\"},\"query-input\":{\"@type\":\"PropertyValueSpecification\",\"valueRequired\":true,\"valueName\":\"search_term_string\"}}],\"inLanguage\":\"es\"},{\"@type\":\"Organization\",\"@id\":\"https:\/\/www.radiokutaqpampa.com\/#organization\",\"name\":\"Radio Kutaq Pampa | FM 96.3 Mhz\",\"url\":\"https:\/\/www.radiokutaqpampa.com\/\",\"logo\":{\"@type\":\"ImageObject\",\"inLanguage\":\"es\",\"@id\":\"https:\/\/www.radiokutaqpampa.com\/#\/schema\/logo\/image\/\",\"url\":\"https:\/\/www.radiokutaqpampa.com\/wp-content\/uploads\/2021\/11\/cropped-LOGO-MASTER-RADIO-Y-TEVE.png\",\"contentUrl\":\"https:\/\/www.radiokutaqpampa.com\/wp-content\/uploads\/2021\/11\/cropped-LOGO-MASTER-RADIO-Y-TEVE.png\",\"width\":2048,\"height\":1280,\"caption\":\"Radio Kutaq Pampa | FM 96.3 Mhz\"},\"image\":{\"@id\":\"https:\/\/www.radiokutaqpampa.com\/#\/schema\/logo\/image\/\"}}]}<\/script>\n<!-- \/ Yoast SEO plugin. -->","yoast_head_json":{"title":"PROGRAMACI\u00d3N - Radio Kutaq Pampa | FM 96.3 Mhz","robots":{"index":"index","follow":"follow","max-snippet":"max-snippet:-1","max-image-preview":"max-image-preview:large","max-video-preview":"max-video-preview:-1"},"canonical":"https:\/\/www.radiokutaqpampa.com\/?page_id=37","og_locale":"es_ES","og_type":"article","og_title":"PROGRAMACI\u00d3N - Radio Kutaq Pampa | FM 96.3 Mhz","og_description":"PROGRAMACI\u00d3N HORARIO LUNES MARTES MIERCOLES JUEVES VIERNES S\u00c1BADO DOMINGO 5 \u2013 6 a.m. Amanecer Cotabambino &#8211; (GENERO FOLCLOR) Amanecer Cotabambino &#8211; (GENERO FOLCLOR) Amanecer Cotabambino &#8211; (GENERO FOLCLOR) Amanecer Cotabambino &#8211; (GENERO FOLCLOR) Amanecer Cotabambino &#8211; (GENERO FOLCLOR) \u00a0 \u00a0 6 \u2013 7 a.m. Mis Tradiciones y Costumbres &#8211; (GENERO CULTURA) Mis Tradiciones y Costumbres [&hellip;]","og_url":"https:\/\/www.radiokutaqpampa.com\/?page_id=37","og_site_name":"Radio Kutaq Pampa | FM 96.3 Mhz","article_modified_time":"2025-12-31T01:49:33+00:00","og_image":[{"width":2048,"height":1280,"url":"https:\/\/www.radiokutaqpampa.com\/wp-content\/uploads\/2021\/11\/LOGO-MASTER-RADIO-Y-TEVE.png","type":"image\/png"}],"twitter_card":"summary_large_image","twitter_misc":{"Tiempo de lectura":"2 minutos"},"schema":{"@context":"https:\/\/schema.org","@graph":[{"@type":"WebPage","@id":"https:\/\/www.radiokutaqpampa.com\/?page_id=37","url":"https:\/\/www.radiokutaqpampa.com\/?page_id=37","name":"PROGRAMACI\u00d3N - Radio Kutaq Pampa | FM 96.3 Mhz","isPartOf":{"@id":"https:\/\/www.radiokutaqpampa.com\/#website"},"datePublished":"2021-11-12T20:58:32+00:00","dateModified":"2025-12-31T01:49:33+00:00","breadcrumb":{"@id":"https:\/\/www.radiokutaqpampa.com\/?page_id=37#breadcrumb"},"inLanguage":"es","potentialAction":[{"@type":"ReadAction","target":["https:\/\/www.radiokutaqpampa.com\/?page_id=37"]}]},{"@type":"BreadcrumbList","@id":"https:\/\/www.radiokutaqpampa.com\/?page_id=37#breadcrumb","itemListElement":[{"@type":"ListItem","position":1,"name":"Portada","item":"https:\/\/www.radiokutaqpampa.com\/"},{"@type":"ListItem","position":2,"name":"PROGRAMACI\u00d3N"}]},{"@type":"WebSite","@id":"https:\/\/www.radiokutaqpampa.com\/#website","url":"https:\/\/www.radiokutaqpampa.com\/","name":"Radio Kutaq Pampa | FM 96.3 Mhz","description":"Noticias, informaci\u00f3n, actualidad, Televisi\u00f3n en VIVO y mas...","publisher":{"@id":"https:\/\/www.radiokutaqpampa.com\/#organization"},"potentialAction":[{"@type":"SearchAction","target":{"@type":"EntryPoint","urlTemplate":"https:\/\/www.radiokutaqpampa.com\/?s={search_term_string}"},"query-input":{"@type":"PropertyValueSpecification","valueRequired":true,"valueName":"search_term_string"}}],"inLanguage":"es"},{"@type":"Organization","@id":"https:\/\/www.radiokutaqpampa.com\/#organization","name":"Radio Kutaq Pampa | FM 96.3 Mhz","url":"https:\/\/www.radiokutaqpampa.com\/","logo":{"@type":"ImageObject","inLanguage":"es","@id":"https:\/\/www.radiokutaqpampa.com\/#\/schema\/logo\/image\/","url":"https:\/\/www.radiokutaqpampa.com\/wp-content\/uploads\/2021\/11\/cropped-LOGO-MASTER-RADIO-Y-TEVE.png","contentUrl":"https:\/\/www.radiokutaqpampa.com\/wp-content\/uploads\/2021\/11\/cropped-LOGO-MASTER-RADIO-Y-TEVE.png","width":2048,"height":1280,"caption":"Radio Kutaq Pampa | FM 96.3 Mhz"},"image":{"@id":"https:\/\/www.radiokutaqpampa.com\/#\/schema\/logo\/image\/"}}]}},"_links":{"self":[{"href":"https:\/\/www.radiokutaqpampa.com\/index.php?rest_route=\/wp\/v2\/pages\/37","targetHints":{"allow":["GET"]}}],"collection":[{"href":"https:\/\/www.radiokutaqpampa.com\/index.php?rest_route=\/wp\/v2\/pages"}],"about":[{"href":"https:\/\/www.radiokutaqpampa.com\/index.php?rest_route=\/wp\/v2\/types\/page"}],"author":[{"embeddable":true,"href":"https:\/\/www.radiokutaqpampa.com\/index.php?rest_route=\/wp\/v2\/users\/1"}],"replies":[{"embeddable":true,"href":"https:\/\/www.radiokutaqpampa.com\/index.php?rest_route=%2Fwp%2Fv2%2Fcomments&post=37"}],"version-history":[{"count":58,"href":"https:\/\/www.radiokutaqpampa.com\/index.php?rest_route=\/wp\/v2\/pages\/37\/revisions"}],"predecessor-version":[{"id":1679,"href":"https:\/\/www.radiokutaqpampa.com\/index.php?rest_route=\/wp\/v2\/pages\/37\/revisions\/1679"}],"wp:attachment":[{"href":"https:\/\/www.radiokutaqpampa.com\/index.php?rest_route=%2Fwp%2Fv2%2Fmedia&parent=37"}],"curies":[{"name":"wp","href":"https:\/\/api.w.org\/{rel}","templated":true}]}}