{"id":919,"date":"2021-12-07T23:40:22","date_gmt":"2021-12-08T04:40:22","guid":{"rendered":"https:\/\/uraniotv.pe\/?page_id=919"},"modified":"2025-12-30T20:34:56","modified_gmt":"2025-12-31T01:34:56","slug":"quienes-somos","status":"publish","type":"page","link":"https:\/\/www.radiokutaqpampa.com\/?page_id=919","title":{"rendered":"QUIENES SOMOS"},"content":{"rendered":"\t\t<div data-elementor-type=\"wp-page\" data-elementor-id=\"919\" class=\"elementor elementor-919\">\n\t\t\t\t\t\t<section class=\"elementor-section elementor-top-section elementor-element elementor-element-4cd3d1a6 elementor-section-boxed elementor-section-height-default elementor-section-height-default\" data-id=\"4cd3d1a6\" data-element_type=\"section\">\n\t\t\t\t\t\t<div class=\"elementor-container elementor-column-gap-default\">\n\t\t\t\t\t<div class=\"elementor-column elementor-col-100 elementor-top-column elementor-element elementor-element-4e5c7304\" data-id=\"4e5c7304\" data-element_type=\"column\" data-settings=\"{&quot;background_background&quot;:&quot;classic&quot;}\">\n\t\t\t<div class=\"elementor-widget-wrap elementor-element-populated\">\n\t\t\t\t\t\t<div class=\"elementor-element elementor-element-2a7e7997 elementor-widget elementor-widget-heading\" data-id=\"2a7e7997\" data-element_type=\"widget\" data-widget_type=\"heading.default\">\n\t\t\t\t<div class=\"elementor-widget-container\">\n\t\t\t\t\t<h2 class=\"elementor-heading-title elementor-size-default\">QUIENES SOMOS<\/h2>\t\t\t\t<\/div>\n\t\t\t\t<\/div>\n\t\t\t\t<section class=\"elementor-section elementor-inner-section elementor-element elementor-element-1d9eea7 elementor-section-boxed elementor-section-height-default elementor-section-height-default\" data-id=\"1d9eea7\" data-element_type=\"section\" data-settings=\"{&quot;background_background&quot;:&quot;classic&quot;}\">\n\t\t\t\t\t\t<div class=\"elementor-container elementor-column-gap-default\">\n\t\t\t\t\t<div class=\"elementor-column elementor-col-100 elementor-inner-column elementor-element elementor-element-4221ca25\" data-id=\"4221ca25\" data-element_type=\"column\">\n\t\t\t<div class=\"elementor-widget-wrap elementor-element-populated\">\n\t\t\t\t\t\t<div class=\"elementor-element elementor-element-462a1f8 elementor-widget elementor-widget-text-editor\" data-id=\"462a1f8\" data-element_type=\"widget\" data-widget_type=\"text-editor.default\">\n\t\t\t\t<div class=\"elementor-widget-container\">\n\t\t\t\t\t\t\t\t\t<p>Somos una Estaci\u00f3n Radial de Origen Andino con car\u00e1cter cultural y participativa que busca promover una programaci\u00f3n de calidad y excelencia que contribuya a la construcci\u00f3n del bienestar com\u00fan a trav\u00e9s del servicio p\u00fablico de informaci\u00f3n, entretenimiento y educaci\u00f3n, fundamentada en los valores de pluralidad cultural, inclusi\u00f3n, convivencia democr\u00e1tica, libertad de expresi\u00f3n, responsabilidad y \u00e9tica informativa para un mundo abierto<\/p><p>Nuestro objetivo es alcanzar altos est\u00e1ndares de cobertura con una c\u00e1lida y variada programaci\u00f3n de noticias, m\u00fasica, cultura, informaci\u00f3n general y entretenimiento creativo de manera interactiva y participativa expresados en un valioso patrimonio sonoro desde los andes peruanos<\/p>\t\t\t\t\t\t\t\t<\/div>\n\t\t\t\t<\/div>\n\t\t\t\t\t<\/div>\n\t\t<\/div>\n\t\t\t\t\t<\/div>\n\t\t<\/section>\n\t\t\t\t\t<\/div>\n\t\t<\/div>\n\t\t\t\t\t<\/div>\n\t\t<\/section>\n\t\t\t\t<\/div>\n\t\t","protected":false},"excerpt":{"rendered":"<p>QUIENES SOMOS Somos una Estaci\u00f3n Radial de Origen Andino con car\u00e1cter cultural y participativa que busca promover una programaci\u00f3n de calidad y excelencia que contribuya a la construcci\u00f3n del bienestar com\u00fan a trav\u00e9s del servicio p\u00fablico de informaci\u00f3n, entretenimiento y educaci\u00f3n, fundamentada en los valores de pluralidad cultural, inclusi\u00f3n, convivencia democr\u00e1tica, libertad de expresi\u00f3n, responsabilidad [&hellip;]<\/p>\n","protected":false},"author":2,"featured_media":0,"parent":0,"menu_order":0,"comment_status":"closed","ping_status":"closed","template":"","meta":{"footnotes":""},"class_list":["post-919","page","type-page","status-publish","hentry"],"yoast_head":"<!-- This site is optimized with the Yoast SEO plugin v26.6 - https:\/\/yoast.com\/wordpress\/plugins\/seo\/ -->\n<title>QUIENES SOMOS - Radio Kutaq Pampa | FM 96.3 Mhz<\/title>\n<meta name=\"robots\" content=\"index, follow, max-snippet:-1, max-image-preview:large, max-video-preview:-1\" \/>\n<link rel=\"canonical\" href=\"https:\/\/www.radiokutaqpampa.com\/?page_id=919\" \/>\n<meta property=\"og:locale\" content=\"es_ES\" \/>\n<meta property=\"og:type\" content=\"article\" \/>\n<meta property=\"og:title\" content=\"QUIENES SOMOS - Radio Kutaq Pampa | FM 96.3 Mhz\" \/>\n<meta property=\"og:description\" content=\"QUIENES SOMOS Somos una Estaci\u00f3n Radial de Origen Andino con car\u00e1cter cultural y participativa que busca promover una programaci\u00f3n de calidad y excelencia que contribuya a la construcci\u00f3n del bienestar com\u00fan a trav\u00e9s del servicio p\u00fablico de informaci\u00f3n, entretenimiento y educaci\u00f3n, fundamentada en los valores de pluralidad cultural, inclusi\u00f3n, convivencia democr\u00e1tica, libertad de expresi\u00f3n, responsabilidad [&hellip;]\" \/>\n<meta property=\"og:url\" content=\"https:\/\/www.radiokutaqpampa.com\/?page_id=919\" \/>\n<meta property=\"og:site_name\" content=\"Radio Kutaq Pampa | FM 96.3 Mhz\" \/>\n<meta property=\"article:modified_time\" content=\"2025-12-31T01:34:56+00:00\" \/>\n<meta property=\"og:image\" content=\"https:\/\/www.radiokutaqpampa.com\/wp-content\/uploads\/2021\/11\/LOGO-MASTER-RADIO-Y-TEVE.png\" \/>\n\t<meta property=\"og:image:width\" content=\"2048\" \/>\n\t<meta property=\"og:image:height\" content=\"1280\" \/>\n\t<meta property=\"og:image:type\" content=\"image\/png\" \/>\n<meta name=\"twitter:card\" content=\"summary_large_image\" \/>\n<meta name=\"twitter:label1\" content=\"Tiempo de lectura\" \/>\n\t<meta name=\"twitter:data1\" content=\"1 minuto\" \/>\n<script type=\"application\/ld+json\" class=\"yoast-schema-graph\">{\"@context\":\"https:\/\/schema.org\",\"@graph\":[{\"@type\":\"WebPage\",\"@id\":\"https:\/\/www.radiokutaqpampa.com\/?page_id=919\",\"url\":\"https:\/\/www.radiokutaqpampa.com\/?page_id=919\",\"name\":\"QUIENES SOMOS - Radio Kutaq Pampa | FM 96.3 Mhz\",\"isPartOf\":{\"@id\":\"https:\/\/www.radiokutaqpampa.com\/#website\"},\"datePublished\":\"2021-12-08T04:40:22+00:00\",\"dateModified\":\"2025-12-31T01:34:56+00:00\",\"breadcrumb\":{\"@id\":\"https:\/\/www.radiokutaqpampa.com\/?page_id=919#breadcrumb\"},\"inLanguage\":\"es\",\"potentialAction\":[{\"@type\":\"ReadAction\",\"target\":[\"https:\/\/www.radiokutaqpampa.com\/?page_id=919\"]}]},{\"@type\":\"BreadcrumbList\",\"@id\":\"https:\/\/www.radiokutaqpampa.com\/?page_id=919#breadcrumb\",\"itemListElement\":[{\"@type\":\"ListItem\",\"position\":1,\"name\":\"Portada\",\"item\":\"https:\/\/www.radiokutaqpampa.com\/\"},{\"@type\":\"ListItem\",\"position\":2,\"name\":\"QUIENES SOMOS\"}]},{\"@type\":\"WebSite\",\"@id\":\"https:\/\/www.radiokutaqpampa.com\/#website\",\"url\":\"https:\/\/www.radiokutaqpampa.com\/\",\"name\":\"Radio Kutaq Pampa | FM 96.3 Mhz\",\"description\":\"Noticias, informaci\u00f3n, actualidad, Televisi\u00f3n en VIVO y mas...\",\"publisher\":{\"@id\":\"https:\/\/www.radiokutaqpampa.com\/#organization\"},\"potentialAction\":[{\"@type\":\"SearchAction\",\"target\":{\"@type\":\"EntryPoint\",\"urlTemplate\":\"https:\/\/www.radiokutaqpampa.com\/?s={search_term_string}\"},\"query-input\":{\"@type\":\"PropertyValueSpecification\",\"valueRequired\":true,\"valueName\":\"search_term_string\"}}],\"inLanguage\":\"es\"},{\"@type\":\"Organization\",\"@id\":\"https:\/\/www.radiokutaqpampa.com\/#organization\",\"name\":\"Radio Kutaq Pampa | FM 96.3 Mhz\",\"url\":\"https:\/\/www.radiokutaqpampa.com\/\",\"logo\":{\"@type\":\"ImageObject\",\"inLanguage\":\"es\",\"@id\":\"https:\/\/www.radiokutaqpampa.com\/#\/schema\/logo\/image\/\",\"url\":\"https:\/\/www.radiokutaqpampa.com\/wp-content\/uploads\/2021\/11\/cropped-LOGO-MASTER-RADIO-Y-TEVE.png\",\"contentUrl\":\"https:\/\/www.radiokutaqpampa.com\/wp-content\/uploads\/2021\/11\/cropped-LOGO-MASTER-RADIO-Y-TEVE.png\",\"width\":2048,\"height\":1280,\"caption\":\"Radio Kutaq Pampa | FM 96.3 Mhz\"},\"image\":{\"@id\":\"https:\/\/www.radiokutaqpampa.com\/#\/schema\/logo\/image\/\"}}]}<\/script>\n<!-- \/ Yoast SEO plugin. -->","yoast_head_json":{"title":"QUIENES SOMOS - Radio Kutaq Pampa | FM 96.3 Mhz","robots":{"index":"index","follow":"follow","max-snippet":"max-snippet:-1","max-image-preview":"max-image-preview:large","max-video-preview":"max-video-preview:-1"},"canonical":"https:\/\/www.radiokutaqpampa.com\/?page_id=919","og_locale":"es_ES","og_type":"article","og_title":"QUIENES SOMOS - Radio Kutaq Pampa | FM 96.3 Mhz","og_description":"QUIENES SOMOS Somos una Estaci\u00f3n Radial de Origen Andino con car\u00e1cter cultural y participativa que busca promover una programaci\u00f3n de calidad y excelencia que contribuya a la construcci\u00f3n del bienestar com\u00fan a trav\u00e9s del servicio p\u00fablico de informaci\u00f3n, entretenimiento y educaci\u00f3n, fundamentada en los valores de pluralidad cultural, inclusi\u00f3n, convivencia democr\u00e1tica, libertad de expresi\u00f3n, responsabilidad [&hellip;]","og_url":"https:\/\/www.radiokutaqpampa.com\/?page_id=919","og_site_name":"Radio Kutaq Pampa | FM 96.3 Mhz","article_modified_time":"2025-12-31T01:34:56+00:00","og_image":[{"width":2048,"height":1280,"url":"https:\/\/www.radiokutaqpampa.com\/wp-content\/uploads\/2021\/11\/LOGO-MASTER-RADIO-Y-TEVE.png","type":"image\/png"}],"twitter_card":"summary_large_image","twitter_misc":{"Tiempo de lectura":"1 minuto"},"schema":{"@context":"https:\/\/schema.org","@graph":[{"@type":"WebPage","@id":"https:\/\/www.radiokutaqpampa.com\/?page_id=919","url":"https:\/\/www.radiokutaqpampa.com\/?page_id=919","name":"QUIENES SOMOS - Radio Kutaq Pampa | FM 96.3 Mhz","isPartOf":{"@id":"https:\/\/www.radiokutaqpampa.com\/#website"},"datePublished":"2021-12-08T04:40:22+00:00","dateModified":"2025-12-31T01:34:56+00:00","breadcrumb":{"@id":"https:\/\/www.radiokutaqpampa.com\/?page_id=919#breadcrumb"},"inLanguage":"es","potentialAction":[{"@type":"ReadAction","target":["https:\/\/www.radiokutaqpampa.com\/?page_id=919"]}]},{"@type":"BreadcrumbList","@id":"https:\/\/www.radiokutaqpampa.com\/?page_id=919#breadcrumb","itemListElement":[{"@type":"ListItem","position":1,"name":"Portada","item":"https:\/\/www.radiokutaqpampa.com\/"},{"@type":"ListItem","position":2,"name":"QUIENES SOMOS"}]},{"@type":"WebSite","@id":"https:\/\/www.radiokutaqpampa.com\/#website","url":"https:\/\/www.radiokutaqpampa.com\/","name":"Radio Kutaq Pampa | FM 96.3 Mhz","description":"Noticias, informaci\u00f3n, actualidad, Televisi\u00f3n en VIVO y mas...","publisher":{"@id":"https:\/\/www.radiokutaqpampa.com\/#organization"},"potentialAction":[{"@type":"SearchAction","target":{"@type":"EntryPoint","urlTemplate":"https:\/\/www.radiokutaqpampa.com\/?s={search_term_string}"},"query-input":{"@type":"PropertyValueSpecification","valueRequired":true,"valueName":"search_term_string"}}],"inLanguage":"es"},{"@type":"Organization","@id":"https:\/\/www.radiokutaqpampa.com\/#organization","name":"Radio Kutaq Pampa | FM 96.3 Mhz","url":"https:\/\/www.radiokutaqpampa.com\/","logo":{"@type":"ImageObject","inLanguage":"es","@id":"https:\/\/www.radiokutaqpampa.com\/#\/schema\/logo\/image\/","url":"https:\/\/www.radiokutaqpampa.com\/wp-content\/uploads\/2021\/11\/cropped-LOGO-MASTER-RADIO-Y-TEVE.png","contentUrl":"https:\/\/www.radiokutaqpampa.com\/wp-content\/uploads\/2021\/11\/cropped-LOGO-MASTER-RADIO-Y-TEVE.png","width":2048,"height":1280,"caption":"Radio Kutaq Pampa | FM 96.3 Mhz"},"image":{"@id":"https:\/\/www.radiokutaqpampa.com\/#\/schema\/logo\/image\/"}}]}},"_links":{"self":[{"href":"https:\/\/www.radiokutaqpampa.com\/index.php?rest_route=\/wp\/v2\/pages\/919","targetHints":{"allow":["GET"]}}],"collection":[{"href":"https:\/\/www.radiokutaqpampa.com\/index.php?rest_route=\/wp\/v2\/pages"}],"about":[{"href":"https:\/\/www.radiokutaqpampa.com\/index.php?rest_route=\/wp\/v2\/types\/page"}],"author":[{"embeddable":true,"href":"https:\/\/www.radiokutaqpampa.com\/index.php?rest_route=\/wp\/v2\/users\/2"}],"replies":[{"embeddable":true,"href":"https:\/\/www.radiokutaqpampa.com\/index.php?rest_route=%2Fwp%2Fv2%2Fcomments&post=919"}],"version-history":[{"count":28,"href":"https:\/\/www.radiokutaqpampa.com\/index.php?rest_route=\/wp\/v2\/pages\/919\/revisions"}],"predecessor-version":[{"id":1675,"href":"https:\/\/www.radiokutaqpampa.com\/index.php?rest_route=\/wp\/v2\/pages\/919\/revisions\/1675"}],"wp:attachment":[{"href":"https:\/\/www.radiokutaqpampa.com\/index.php?rest_route=%2Fwp%2Fv2%2Fmedia&parent=919"}],"curies":[{"name":"wp","href":"https:\/\/api.w.org\/{rel}","templated":true}]}}